{"id":98,"date":"2017-04-20T19:52:57","date_gmt":"2017-04-20T19:52:57","guid":{"rendered":"http:\/\/judoskpmost.cz\/?page_id=98"},"modified":"2020-09-17T18:13:58","modified_gmt":"2020-09-17T18:13:58","slug":"vysledky-ze-zavodu","status":"publish","type":"page","link":"https:\/\/judoskpmost.cz\/?page_id=98","title":{"rendered":"V\u00ddSLEDKY ZE Z\u00c1VOD\u016e"},"content":{"rendered":"<p><span style=\"color: #008000;\"><strong><a style=\"color: #008000;\" href=\"https:\/\/judoskpmost.cz\/?page_id=355\" target=\"_blank\" rel=\"noopener noreferrer\">Kompletn\u00ed v\u00fdsledky za rok 2017<\/a>\u00a0 \u00a0 \u00a0\u00a0<\/strong><\/span><span style=\"color: #008000;\"><strong><a style=\"color: #008000;\" href=\"https:\/\/judoskpmost.cz\/?page_id=511\" target=\"_blank\" rel=\"noopener noreferrer\">Kompletn\u00ed v\u00fdsledky za rok 2018<\/a><\/strong><\/span><\/p>\n<p><span style=\"color: #008000;\"><strong><a style=\"color: #008000;\" href=\"https:\/\/judoskpmost.cz\/?page_id=639\" target=\"_blank\" rel=\"noopener noreferrer\">Kompletn\u00ed v\u00fdsledky za rok 2019<\/a><\/strong><\/span><\/p>\n<p style=\"text-align: center;\"><span style=\"color: #ff0000;\"><strong>2020<\/strong><\/span><\/p>\n<p><span style=\"color: #ff0000;\"><strong>12.9.2020 \u010cesk\u00fd poh\u00e1r Brno<\/strong><\/span><\/p>\n<p><span style=\"font-size: inherit;\">5.m\u00edsto: Lejsek Ji\u0159\u00ed (U18)<\/span><\/p>\n<p>\u00a0<\/p>\n<p><span style=\"color: #ff0000;\"><strong>5.9.2020 &#8211; Krajsk\u00fd p\u0159ebor star\u0161\u00edho \u017eactva a dorostu<\/strong><\/span><\/p>\n<p>Zlato: Lejsek Ji\u0159\u00ed (U18)<\/p>\n<p>St\u0159\u00edbro: Bedn\u00e1\u0159 Jakub (U15)<\/p>\n<p>Bronz: Boh\u00e1\u010d Ond\u0159ej (U15)<\/p>\n<p>\u00a0<\/p>\n<p><span style=\"color: #ff0000;\"><strong>7.3.2020 &#8211; Velk\u00e1 Cena Hradce Kr\u00e1lov\u00e9<\/strong><\/span><\/p>\n<p>Zlato: Bedn\u00e1\u0159 Jakub (U15)<\/p>\n<p>St\u0159\u00edbro: Salajkov\u00e1 Aneta (U18)<\/p>\n<p>Bronz: Vitvar Anton\u00edn (U13), Vysko\u010dil Jon\u00e1\u0161 (U13)<\/p>\n<p>\u00a0<\/p>\n<p><span style=\"color: #ff0000;\"><strong>7.3.2020 &#8211; Memori\u00e1l Helmuta Tauda Chomutov<\/strong><\/span><\/p>\n<p>Bronz: Koller Nelly Sophia (U11), Le Minh Dinh Tiep (Dominik) (U11)<\/p>\n<p>\u00a0<\/p>\n<p><span style=\"color: #ff0000;\"><strong>29.2. &#8211; 1.3.2020 &#8211; \u010cesk\u00fd poh\u00e1r Ostrava<\/strong><\/span><\/p>\n<p>5.m\u00edsto: J\u00ed\u0159\u00ed Lejsek (U18)<\/p>\n<p>\u00a0<\/p>\n<p><span style=\"color: #ff0000;\"><strong>22.2.2020 &#8211; Memori\u00e1l A. Tich\u00e9ho Bene\u0161ov<\/strong><\/span><\/p>\n<p>St\u0159\u00edbro: Vyko\u010dil Jon\u00e1\u0161 (U13)<\/p>\n<p>Bronz: Vitvar Anton\u00edn (U13), Boh\u00e1\u010d Ond\u0159ej (U15), Bedn\u00e1\u0159 Jakub (U15), Kom\u00ednek Jakub (U15)<\/p>\n<p>\u00a0<\/p>\n<p><span style=\"color: #ff0000;\"><strong>22.2.2020 &#8211; Jarn\u00ed turnaj ml\u00e1de\u017ee Teplice<\/strong><\/span><\/p>\n<p>St\u0159\u00edbro: Koller Nelly Sophia (U11)<\/p>\n<p>Bronz: Le Minh Dinh Tiep (Dominik) (U11), Bencov\u00e1 Veronika (U11), Benocv\u00e1 Kate\u0159ina (U11)<\/p>\n<p>\u00a0<\/p>\n<p><span style=\"color: #ff0000;\"><strong>15.2.2020 &#8211; Velk\u00e1 cena Litom\u011b\u0159ic<\/strong><\/span><\/p>\n<p>Bronz: Vitvar Anton\u00edn (U13), Vysko\u010dil Jon\u00e1\u0161 (U13)<\/p>\n\n\n<p><\/p>\n","protected":false},"excerpt":{"rendered":"<p>Kompletn\u00ed v\u00fdsledky za rok 2017\u00a0 \u00a0 \u00a0\u00a0Kompletn\u00ed v\u00fdsledky za rok 2018 Kompletn\u00ed v\u00fdsledky za rok 2019 2020 12.9.2020 \u010cesk\u00fd poh\u00e1r Brno 5.m\u00edsto: Lejsek Ji\u0159\u00ed (U18) \u00a0 5.9.2020 &#8211; Krajsk\u00fd p\u0159ebor star\u0161\u00edho \u017eactva a dorostu Zlato: Lejsek Ji\u0159\u00ed (U18) St\u0159\u00edbro: Bedn\u00e1\u0159 Jakub (U15) Bronz: Boh\u00e1\u010d Ond\u0159ej (U15) \u00a0 7.3.2020 &#8211; Velk\u00e1 Cena Hradce Kr\u00e1lov\u00e9 Zlato: Bedn\u00e1\u0159 &hellip; <\/p>\n<p class=\"read-more\"><a class=\"btn btn-default\" href=\"https:\/\/judoskpmost.cz\/?page_id=98\"> Read More<span class=\"screen-reader-text\">  Read More<\/span><\/a><\/p>\n","protected":false},"author":1,"featured_media":0,"parent":0,"menu_order":0,"comment_status":"closed","ping_status":"closed","template":"","meta":{"footnotes":""},"class_list":["post-98","page","type-page","status-publish","hentry"],"_links":{"self":[{"href":"https:\/\/judoskpmost.cz\/index.php?rest_route=\/wp\/v2\/pages\/98","targetHints":{"allow":["GET"]}}],"collection":[{"href":"https:\/\/judoskpmost.cz\/index.php?rest_route=\/wp\/v2\/pages"}],"about":[{"href":"https:\/\/judoskpmost.cz\/index.php?rest_route=\/wp\/v2\/types\/page"}],"author":[{"embeddable":true,"href":"https:\/\/judoskpmost.cz\/index.php?rest_route=\/wp\/v2\/users\/1"}],"replies":[{"embeddable":true,"href":"https:\/\/judoskpmost.cz\/index.php?rest_route=%2Fwp%2Fv2%2Fcomments&post=98"}],"version-history":[{"count":88,"href":"https:\/\/judoskpmost.cz\/index.php?rest_route=\/wp\/v2\/pages\/98\/revisions"}],"predecessor-version":[{"id":692,"href":"https:\/\/judoskpmost.cz\/index.php?rest_route=\/wp\/v2\/pages\/98\/revisions\/692"}],"wp:attachment":[{"href":"https:\/\/judoskpmost.cz\/index.php?rest_route=%2Fwp%2Fv2%2Fmedia&parent=98"}],"curies":[{"name":"wp","href":"https:\/\/api.w.org\/{rel}","templated":true}]}}