{"id":97,"date":"2017-04-20T19:52:56","date_gmt":"2017-04-20T19:52:56","guid":{"rendered":"http:\/\/judoskpmost.cz\/?page_id=97"},"modified":"2022-11-14T18:53:29","modified_gmt":"2022-11-14T18:53:29","slug":"budeme-se-ucastnit","status":"publish","type":"page","link":"https:\/\/judoskpmost.cz\/?page_id=97","title":{"rendered":"BUDEME SE \u00da\u010cASTNIT"},"content":{"rendered":"\n<p><strong>Turnaj v Kamenz (SRN)<\/strong><\/p>\n\n\n\n<p>Sobota pro ro\u010dn\u00edky 2014 &#8211; 2016 (v\u00e1\u017een\u00ed > 8:30 &#8211; 9:15) a 2008 &#8211; 2010 (v\u00e1\u017een\u00ed >11:00 &#8211; 11:45)<\/p>\n\n\n\n<p>tren\u00e9r: Benca<\/p>\n\n\n\n<p>Ned\u011ble pro ro\u010dn\u00edky 2011 &#8211; 2013 (v\u00e1\u017een\u00ed > 8:30 &#8211; 9:15) a 2005 &#8211; 2007 (v\u00e1\u017een\u00ed > 12:00 &#8211; 12:30)<\/p>\n\n\n\n<p>tren\u00e9r: Kom\u00ednek, Benca<\/p>\n\n\n\n<p>startovn\u00e9: 8\u20ac + poplatek za rozhodn\u010d\u00ed 3\u20ac<\/p>\n\n\n\n<p>PROPOZICE<\/p>\n\n\n\n<div data-wp-interactive=\"core\/file\" class=\"wp-block-file\"><object data-wp-bind--hidden=\"!state.hasPdfPreview\" hidden class=\"wp-block-file__embed\" data=\"https:\/\/judoskpmost.cz\/wp-content\/uploads\/2022\/11\/Ausschreibung-Challenge-Cup-2022.pdf\" type=\"application\/pdf\" style=\"width:100%;height:600px\" aria-label=\"Vlo\u017eit z Ausschreibung-Challenge-Cup-2022.\"><\/object><a id=\"wp-block-file--media-9a50ccc3-a28f-4821-a124-994462981bb9\" href=\"https:\/\/judoskpmost.cz\/wp-content\/uploads\/2022\/11\/Ausschreibung-Challenge-Cup-2022.pdf\">Ausschreibung-Challenge-Cup-2022<\/a><a href=\"https:\/\/judoskpmost.cz\/wp-content\/uploads\/2022\/11\/Ausschreibung-Challenge-Cup-2022.pdf\" class=\"wp-block-file__button wp-element-button\" download aria-describedby=\"wp-block-file--media-9a50ccc3-a28f-4821-a124-994462981bb9\">St\u00e1hnout<\/a><\/div>\n","protected":false},"excerpt":{"rendered":"<p>Turnaj v Kamenz (SRN) Sobota pro ro\u010dn\u00edky 2014 &#8211; 2016 (v\u00e1\u017een\u00ed > 8:30 &#8211; 9:15) a 2008 &#8211; 2010 (v\u00e1\u017een\u00ed >11:00 &#8211; 11:45) tren\u00e9r: Benca Ned\u011ble pro ro\u010dn\u00edky 2011 &#8211; 2013 (v\u00e1\u017een\u00ed > 8:30 &#8211; 9:15) a 2005 &#8211; 2007 (v\u00e1\u017een\u00ed > 12:00 &#8211; 12:30) tren\u00e9r: Kom\u00ednek, Benca startovn\u00e9: 8\u20ac + poplatek za rozhodn\u010d\u00ed 3\u20ac &hellip; <\/p>\n<p class=\"read-more\"><a class=\"btn btn-default\" href=\"https:\/\/judoskpmost.cz\/?page_id=97\"> Read More<span class=\"screen-reader-text\">  Read More<\/span><\/a><\/p>\n","protected":false},"author":1,"featured_media":0,"parent":0,"menu_order":0,"comment_status":"closed","ping_status":"closed","template":"","meta":{"footnotes":""},"class_list":["post-97","page","type-page","status-publish","hentry"],"_links":{"self":[{"href":"https:\/\/judoskpmost.cz\/index.php?rest_route=\/wp\/v2\/pages\/97","targetHints":{"allow":["GET"]}}],"collection":[{"href":"https:\/\/judoskpmost.cz\/index.php?rest_route=\/wp\/v2\/pages"}],"about":[{"href":"https:\/\/judoskpmost.cz\/index.php?rest_route=\/wp\/v2\/types\/page"}],"author":[{"embeddable":true,"href":"https:\/\/judoskpmost.cz\/index.php?rest_route=\/wp\/v2\/users\/1"}],"replies":[{"embeddable":true,"href":"https:\/\/judoskpmost.cz\/index.php?rest_route=%2Fwp%2Fv2%2Fcomments&post=97"}],"version-history":[{"count":100,"href":"https:\/\/judoskpmost.cz\/index.php?rest_route=\/wp\/v2\/pages\/97\/revisions"}],"predecessor-version":[{"id":785,"href":"https:\/\/judoskpmost.cz\/index.php?rest_route=\/wp\/v2\/pages\/97\/revisions\/785"}],"wp:attachment":[{"href":"https:\/\/judoskpmost.cz\/index.php?rest_route=%2Fwp%2Fv2%2Fmedia&parent=97"}],"curies":[{"name":"wp","href":"https:\/\/api.w.org\/{rel}","templated":true}]}}