{"id":94,"date":"2017-04-20T19:52:56","date_gmt":"2017-04-20T19:52:56","guid":{"rendered":"http:\/\/judoskpmost.cz\/?page_id=94"},"modified":"2017-04-23T15:42:24","modified_gmt":"2017-04-23T15:42:24","slug":"o-nas","status":"publish","type":"page","link":"https:\/\/judoskpmost.cz\/?page_id=94","title":{"rendered":"O N\u00c1S"},"content":{"rendered":"<p>Jsme amat\u00e9rsk\u00fd sportovn\u00ed klub se zam\u011b\u0159en\u00edm na judo, kter\u00fd najdete na IS\u0160T Velebudice Most.<\/p>\n","protected":false},"excerpt":{"rendered":"<p>Jsme amat\u00e9rsk\u00fd sportovn\u00ed klub se zam\u011b\u0159en\u00edm na judo, kter\u00fd najdete na IS\u0160T Velebudice Most.<\/p>\n","protected":false},"author":1,"featured_media":0,"parent":0,"menu_order":0,"comment_status":"closed","ping_status":"closed","template":"","meta":{"footnotes":""},"class_list":["post-94","page","type-page","status-publish","hentry"],"_links":{"self":[{"href":"https:\/\/judoskpmost.cz\/index.php?rest_route=\/wp\/v2\/pages\/94","targetHints":{"allow":["GET"]}}],"collection":[{"href":"https:\/\/judoskpmost.cz\/index.php?rest_route=\/wp\/v2\/pages"}],"about":[{"href":"https:\/\/judoskpmost.cz\/index.php?rest_route=\/wp\/v2\/types\/page"}],"author":[{"embeddable":true,"href":"https:\/\/judoskpmost.cz\/index.php?rest_route=\/wp\/v2\/users\/1"}],"replies":[{"embeddable":true,"href":"https:\/\/judoskpmost.cz\/index.php?rest_route=%2Fwp%2Fv2%2Fcomments&post=94"}],"version-history":[{"count":2,"href":"https:\/\/judoskpmost.cz\/index.php?rest_route=\/wp\/v2\/pages\/94\/revisions"}],"predecessor-version":[{"id":132,"href":"https:\/\/judoskpmost.cz\/index.php?rest_route=\/wp\/v2\/pages\/94\/revisions\/132"}],"wp:attachment":[{"href":"https:\/\/judoskpmost.cz\/index.php?rest_route=%2Fwp%2Fv2%2Fmedia&parent=94"}],"curies":[{"name":"wp","href":"https:\/\/api.w.org\/{rel}","templated":true}]}}