{"id":639,"date":"2020-02-09T18:57:25","date_gmt":"2020-02-09T18:57:25","guid":{"rendered":"http:\/\/judoskpmost.cz\/?page_id=639"},"modified":"2020-02-09T18:57:25","modified_gmt":"2020-02-09T18:57:25","slug":"2019-2","status":"publish","type":"page","link":"https:\/\/judoskpmost.cz\/?page_id=639","title":{"rendered":"2019"},"content":{"rendered":"<p><span style=\"color: #ff0000;\"><strong>7.12.2019 &#8211;\u00a0V\u00e1no\u010dn\u00ed turnaj Chomutov<\/strong><\/span><\/p>\n<p>Zlato &#8211;\u00a0Vitvar Anton\u00edn (U11), Sta\u0161evsk\u00fd Daniel (U9)<\/p>\n<p>St\u0159\u00edbro &#8211;\u00a0Dorn Daniel (U9), Bencov\u00e1 Veronika (U11), Bencov\u00e1 Kate\u0159ina (U9), Fyc\u00fdkov\u00e1 Eli\u0161ka (U11), Kroupa Ji\u0159\u00ed (U9), Novotn\u00fd Jan (U11), Verner Adam (U11)<\/p>\n<p><span style=\"color: #ff0000;\"><strong>23.11.2019 &#8211;\u00a0Memori\u00e1l Ing. Rado\u0161e v Doma\u017elic\u00edch<\/strong><\/span><\/p>\n<p>Zlato &#8211;\u00a0Vitvar Anton\u00edn (U11), Vysko\u010dil Jon\u00e1\u0161 (U11)<\/p>\n<p>St\u0159\u00edbro &#8211;\u00a0Koller Nelly-Sophia (U11), Boh\u00e1\u010d Ond\u0159ej (U13), Hrz\u00e1n Kry\u0161tof (U13), Pletichov\u00e1 \u0160\u00e1rka (U13)<\/p>\n<p>Bronz &#8211;\u00a0Dorn Daniel (U9), Janou\u0161ek V\u00e1clav (U13)<\/p>\n<p><span style=\"color: #ff0000;\"><strong>9.-10.11.2019 &#8211;\u00a0Challenge Cup Kamenz\u00a0(SRN)<\/strong><\/span><\/p>\n<p>Zlato &#8211; Vitvar Anton\u00edn (U12), Vanick\u00fd Michal (U12), V\u00fdborn\u00fd Mat\u011bj (U18)<\/p>\n<p>St\u0159\u00edbro &#8211; Sta\u0161evsk\u00fd Daniel (U9), Bencov\u00e1 Kate\u0159ina (U9), Pletichov\u00e1 \u0160\u00e1rka (U15)<\/p>\n<p>Bronz &#8211; Dorn Daniel (U9), Koller Nelly Sophia (U12),\u00a0 Bedn\u00e1\u0159 Jakub (U15),\u00a0Wagner Tom\u00e1\u0161 (U18), Salajkov\u00e1 Aneta (U18)<\/p>\n<p><span style=\"color: #ff0000;\"><strong>2.11.2019 &#8211; Mistrovstv\u00ed \u010cR dorostenc\u016f &#8211; Brno<\/strong><\/span><\/p>\n<p>bronz: Ji\u0159\u00ed Lejsek<\/p>\n<p><span style=\"color: #ff0000;\"><strong>26.-27.10.2019 &#8211;\u00a019.ro\u010dn\u00edk mezin\u00e1rodn\u00edho poh\u00e1rov\u00e9ho turnaje Rammenau (SRN)<\/strong><\/span><\/p>\n<p>Zlato &#8211; Sta\u0161evsk\u00fd Daniel (U9), Dorn Daniel (U9), Vitvar Anton\u00edn (U11), Vanick\u00fd Michal (U11), Vysko\u010dil Jon\u00e1\u0161 (U11), Lejsek Ji\u0159\u00ed (U18)<\/p>\n<p>St\u0159\u00edbro &#8211; Kroupa Ji\u0159\u00ed (U9), Boh\u00e1\u010d Ond\u0159ej (U13), Wagner Tom\u00e1\u0161 (U18), Salajkov\u00e1 Aneta (U18)<\/p>\n<p>Bronz &#8211; Novotn\u00fd Jan (U11), Koller Nelly Sophia (U11), Fyc\u00fdkov\u00e1 Eli\u0161ka (U11), Bedn\u00e1\u0159 Jakub (U15), Hon\u00e1kov\u00e1 Tereza (U18)<\/p>\n<p><span style=\"color: #ff0000;\"><strong>12.10.2019 &#8211;\u00a0Poh\u00e1r Severu Varnsdorf<\/strong><\/span><\/p>\n<p>Zlato &#8211; Kroupa Ji\u0159\u00ed (U9), Vysko\u010dil Jon\u00e1\u0161 (U11), Boh\u00e1\u010d Ond\u0159ej (U13)<\/p>\n<p>St\u0159\u00edbro &#8211; Vitvar Anton\u00edn (U11), Pletichov\u00e1 \u0160\u00e1rka (U13), Mi\u0161kulinec Mat\u011bj (U13), Bedn\u00e1\u0159 Jakub (U15)<\/p>\n<p>Bronz &#8211; Pomaha\u010d Hynek (U13), Hromada Jakub (U13), Kom\u00ednek Jakub (U15)<\/p>\n<p><span style=\"color: #ff0000;\"><strong>29.9.2019 &#8211; M\u011blnick\u00fd poh\u00e1r<\/strong><\/span><\/p>\n<p>Zlato &#8211;\u00a0V\u00fdborn\u00fd Mat\u011bj (U18)<\/p>\n<p>St\u0159\u00edbro &#8211;\u00a0Salajkov\u00e1 Aneta (U18), Lejsek Ji\u0159\u00ed (U18), Hyne\u0161 Marek (U21)<\/p>\n<p><span style=\"color: #ff0000;\"><strong>28.9.2019 &#8211; Mezin\u00e1rodn\u00ed Velk\u00e1 Cena Chomutova<\/strong><\/span><\/p>\n<p>Zlato &#8211;\u00a0Boh\u00e1\u010d Ond\u0159ej (U13)<\/p>\n<p>St\u0159\u00edbro &#8211;\u00a0Pletichov\u00e1 \u0160\u00e1rka (U13), Pomaha\u010d Hynek (U13)<\/p>\n<p><span style=\"color: #ff0000;\"><strong>21.9.2019 &#8211;\u00a0Putovn\u00ed poh\u00e1r Teplice<\/strong><\/span><\/p>\n<p>Zlato &#8211; Vitvar Anton\u00edn (U11), Kroupa Ji\u0159\u00ed (U9)<\/p>\n<p>St\u0159\u00edbro &#8211; Koller Nelly Sophia (U11), Sta\u0161evsk\u00fd Daniel (U9)<\/p>\n<p>Bronz &#8211; Bo\u017ekovov\u00e1 Ag\u00e1ta (U9), Fyc\u00fdkov\u00e1 Eli\u0161ka (U11)<\/p>\n<p><span style=\"color: #ff0000;\"><strong>14.-15.9.2019 &#8211;\u00a0\u010cesk\u00fd poh\u00e1r Brno<\/strong><\/span><\/p>\n<p>Bronz &#8211;\u00a0Ji\u0159\u00ed Lejsek (U18)<\/p>\n<p>5.m\u00edsto &#8211; \u0160\u00e1rka Pletichov\u00e1 (U13)<\/p>\n<p><span style=\"color: #ff0000;\"><strong>26.5.2019 &#8211;\u00a0Mezin\u00e1rodn\u00ed velk\u00e1 cena Nov\u00e9ho Byd\u017eova<\/strong><\/span><\/p>\n<p>Bronz &#8211;\u00a0Vysko\u010dil Jon\u00e1\u0161 (U11), Vitvar Anton\u00edn (U11), Boh\u00e1\u010d Ond\u0159ej (U13)<\/p>\n<p><span style=\"color: #ff0000;\"><strong>18.5.2019 &#8211;\u00a0Krajsk\u00fd poh\u00e1r mlad\u0161\u00edho \u017eactva Most<\/strong><\/span><\/p>\n<p>Zlato &#8211; Pletichov\u00e1 \u0160\u00e1rka, Boh\u00e1\u010d Ond\u0159ej, Mi\u0161kulinec Mat\u011bj<\/p>\n<p>St\u0159\u00edbro &#8211;\u00a0Hrz\u00e1n Kry\u0161tof<\/p>\n<p>Bronz &#8211;\u00a0Pomaha\u010d Hynek<\/p>\n<p><span style=\"color: #ff0000;\"><strong>4.5.2019 &#8211;\u00a0Trpasli\u010d\u00ed poh\u00e1r Rammenau (SRN)<\/strong><\/span><\/p>\n<p>Zlato &#8211; Koller Nelly Sopfhia (U11), Vysko\u010dil Jon\u00e1\u0161 (U11), Vitvar Anotn\u00edn (U11),\u00a0Sta\u0161evsk\u00fd\u00a0Daniel (U9), Hrz\u00e1n Kry\u0161tof (U13), Pletichov\u00e1 \u0160\u00e1rka (U13), Boh\u00e1\u010d Ond\u0159ej (U13)<\/p>\n<p>Bronz &#8211; Fyc\u00fdkov\u00e1 Eli\u0161ka (U11), Hromada Jakub (U13)<\/p>\n<p><span style=\"color: #ff0000;\"><strong>27.4.2019 &#8211;\u00a0Putovn\u00ed poh\u00e1r Most<\/strong><\/span><\/p>\n<p>Zlato &#8211; Koller Nelly Sopfhia (U11), Vysko\u010dil Jon\u00e1\u0161 (U11), Vitvar Anotn\u00edn (U11), Dorn Daniel (U9)<\/p>\n<p><span style=\"color: #ff0000;\"><strong>13.-14.4.2019 &#8211;\u00a0Velikono\u010dn\u00ed turnaj Teplice<\/strong><\/span><\/p>\n<p>Zlato &#8211; Mi\u0161kulinec Mat\u011bj (U13), Pletichov\u00e1 \u0160\u00e1rka (U13), Boh\u00e1\u010d Ond\u0159ej (U13), Vysko\u010dil Jon\u00e1\u0161 (U11), Vitvar Anotn\u00edn (U11), Sta\u0161evsk\u00fd Daniel (U9),<\/p>\n<p>St\u0159\u00edbro &#8211; Koller Nelly Sophia (U11), Hromada Jakub (U13), Bedn\u00e1\u0159 Jakub (U15)<\/p>\n<p>Bronz &#8211;\u00a0 Hrz\u00e1n Kry\u0161tof (U13)<\/p>\n<p><span style=\"color: #ff0000;\"><strong>6.4.2019 &#8211;\u00a0Poh\u00e1r \u010cesk\u00e1 L\u00edpa<\/strong><\/span><\/p>\n<p>St\u0159\u00edbro &#8211;\u00a0Boh\u00e1\u010d Ond\u0159ej (U13)<\/p>\n<p><span style=\"color: #ff0000;\"><strong>30.-31.3.2019 &#8211;\u00a0Velk\u00e1 Cena \u00dast\u00ed nad Labem<\/strong><\/span><\/p>\n<p>Zlato &#8211; Pletichov\u00e1 \u0160\u00e1rka (U13), Vysko\u010dil Jon\u00e1\u0161 (U11), Sta\u0161evsk\u00fd Daniel (U9),<\/p>\n<p>St\u0159\u00edbro &#8211; Vlkov\u00e1 Kate\u0159ina (U13), Boh\u00e1\u010d Ond\u0159ej (U13), Hrz\u00e1n Kry\u0161tof (U13), Dorn Daniel (U9)<\/p>\n<p>Bronz &#8211; Mi\u0161kulinec Mat\u011bj (U13), Bencov\u00e1 Veronika (U11), Bencov\u00e1 Kate\u0159ina (U9)<\/p>\n<p><span style=\"color: #ff0000;\"><strong>16.-17.3.2019 &#8211;\u00a0Grand Prix Jablonec nad Nisou<\/strong><\/span><\/p>\n<p>Bronz &#8211;\u00a0Boh\u00e1\u010d Ond\u0159ej (U13), Ji\u0159\u00ed Lejsek (U18)<\/p>\n<p><span style=\"color: #ff0000;\"><strong>9.3.2019 &#8211;\u00a0Memori\u00e1l Helmuta Tauda Chomutov<\/strong><\/span><\/p>\n<p>Zlato\u00a0&#8211; Vysko\u010dil Jon\u00e1\u0161<\/p>\n<p>St\u0159\u00edbro &#8211; Bencov\u00e1 Kate\u0159ina, Vitvar Anton\u00edn, Koller Nelly Sophia<\/p>\n<p><span style=\"color: #ff0000;\"><strong>2.3.2019 &#8211;\u00a0Luna Cup Louny<\/strong><\/span><\/p>\n<p>Zlato\u00a0&#8211;\u00a0Vitvar Anton\u00edn, Vysko\u010dil Jon\u00e1\u0161<\/p>\n<p>St\u0159\u00edbro &#8211; Bencov\u00e1 Kate\u0159ina<\/p>\n<p>Bronz &#8211; Bencov\u00e1 Veronika<\/p>\n<p><span style=\"color: #ff0000;\"><strong>23.2.2019 &#8211;\u00a0Grand Prix Ostrava<\/strong><\/span><\/p>\n<p>5. m\u00edsto &#8211; Boh\u00e1\u010d Ond\u0159ej<\/p>\n<p><span style=\"color: #ff0000;\"><strong>16.2.2019 &#8211;\u00a0Memori\u00e1l A. Tich\u00e9ho v Bene\u0161ov\u011b<\/strong><\/span><\/p>\n<p>Zlato &#8211; Mi\u0161kulinec Mat\u011bj (U13)<\/p>\n<p>St\u0159\u00edbro &#8211; Koller Nelly Sopfia (U11), Vitvar Anton\u00edn (U11)<\/p>\n<p>Bronz &#8211; Hrz\u00e1n Kry\u0161tof (U13), Boh\u00e1\u010d Ond\u0159ej (U13), Vlkov\u00e1 Kate\u0159ina (U13), Vysko\u010dil Jon\u00e1\u0161 (U13), Bedn\u00e1\u0159 Karel (U15)<\/p>\n<p><span style=\"color: #ff0000;\"><strong>9.2.2019 &#8211; Velk\u00e1 cena Litom\u011b\u0159ic \u017e\u00e1k\u016f a \u017e\u00e1ky\u0148<\/strong><\/span><\/p>\n<p>Zlato &#8211; Boh\u00e1\u010d Ond\u0159ej (U13), Pletichov\u00e1 \u0160\u00e1rka (U13)<\/p>\n<p>Bronz &#8211; Hrz\u00e1n Kry\u0161tof (U13)<\/p>\n","protected":false},"excerpt":{"rendered":"<p>7.12.2019 &#8211;\u00a0V\u00e1no\u010dn\u00ed turnaj Chomutov Zlato &#8211;\u00a0Vitvar Anton\u00edn (U11), Sta\u0161evsk\u00fd Daniel (U9) St\u0159\u00edbro &#8211;\u00a0Dorn Daniel (U9), Bencov\u00e1 Veronika (U11), Bencov\u00e1 Kate\u0159ina (U9), Fyc\u00fdkov\u00e1 Eli\u0161ka (U11), Kroupa Ji\u0159\u00ed (U9), Novotn\u00fd Jan (U11), Verner Adam (U11) 23.11.2019 &#8211;\u00a0Memori\u00e1l Ing. Rado\u0161e v Doma\u017elic\u00edch Zlato &#8211;\u00a0Vitvar Anton\u00edn (U11), Vysko\u010dil Jon\u00e1\u0161 (U11) St\u0159\u00edbro &#8211;\u00a0Koller Nelly-Sophia (U11), Boh\u00e1\u010d Ond\u0159ej (U13), Hrz\u00e1n Kry\u0161tof &hellip; <\/p>\n<p class=\"read-more\"><a class=\"btn btn-default\" href=\"https:\/\/judoskpmost.cz\/?page_id=639\"> Read More<span class=\"screen-reader-text\">  Read More<\/span><\/a><\/p>\n","protected":false},"author":2,"featured_media":0,"parent":98,"menu_order":0,"comment_status":"closed","ping_status":"closed","template":"","meta":{"footnotes":""},"class_list":["post-639","page","type-page","status-publish","hentry"],"_links":{"self":[{"href":"https:\/\/judoskpmost.cz\/index.php?rest_route=\/wp\/v2\/pages\/639","targetHints":{"allow":["GET"]}}],"collection":[{"href":"https:\/\/judoskpmost.cz\/index.php?rest_route=\/wp\/v2\/pages"}],"about":[{"href":"https:\/\/judoskpmost.cz\/index.php?rest_route=\/wp\/v2\/types\/page"}],"author":[{"embeddable":true,"href":"https:\/\/judoskpmost.cz\/index.php?rest_route=\/wp\/v2\/users\/2"}],"replies":[{"embeddable":true,"href":"https:\/\/judoskpmost.cz\/index.php?rest_route=%2Fwp%2Fv2%2Fcomments&post=639"}],"version-history":[{"count":1,"href":"https:\/\/judoskpmost.cz\/index.php?rest_route=\/wp\/v2\/pages\/639\/revisions"}],"predecessor-version":[{"id":640,"href":"https:\/\/judoskpmost.cz\/index.php?rest_route=\/wp\/v2\/pages\/639\/revisions\/640"}],"up":[{"embeddable":true,"href":"https:\/\/judoskpmost.cz\/index.php?rest_route=\/wp\/v2\/pages\/98"}],"wp:attachment":[{"href":"https:\/\/judoskpmost.cz\/index.php?rest_route=%2Fwp%2Fv2%2Fmedia&parent=639"}],"curies":[{"name":"wp","href":"https:\/\/api.w.org\/{rel}","templated":true}]}}