{"id":56,"date":"2017-04-19T19:53:00","date_gmt":"2017-04-19T19:53:00","guid":{"rendered":"http:\/\/judoskpmost.cz\/?page_id=56"},"modified":"2025-09-23T14:43:39","modified_gmt":"2025-09-23T14:43:39","slug":"kontakty","status":"publish","type":"page","link":"https:\/\/judoskpmost.cz\/?page_id=56","title":{"rendered":"KONTAKTY"},"content":{"rendered":"<table width=\"182\">\n<tbody>\n<tr>\n<td width=\"182\"><strong>Judo SKP Most<\/strong><\/td>\n<\/tr>\n<tr>\n<td>V\u00e1clava \u0158ez\u00e1\u010de 224<\/td>\n<\/tr>\n<tr>\n<td>43401 Most<\/td>\n<\/tr>\n<tr>\n<td><\/td>\n<\/tr>\n<tr>\n<td>\u010d.\u00fa.:1040784369\/0800<\/td>\n<\/tr>\n<tr>\n<td>I\u010cO:47325712<\/td>\n<\/tr>\n<tr>\n<td><\/td>\n<\/tr>\n<tr>\n<td><\/td>\n<\/tr>\n<tr>\n<td>Robovsk\u00fd Milan &#8211; tel. 604 106 946 \u00a0 email: milanrobovsky(a)gmail.com<\/td>\n<\/tr>\n<\/tbody>\n<\/table>\n","protected":false},"excerpt":{"rendered":"<p>Judo SKP Most V\u00e1clava \u0158ez\u00e1\u010de 224 43401 Most \u010d.\u00fa.:1040784369\/0800 I\u010cO:47325712 Robovsk\u00fd Milan &#8211; tel. 604 106 946 \u00a0 email: milanrobovsky(a)gmail.com<\/p>\n","protected":false},"author":1,"featured_media":0,"parent":0,"menu_order":0,"comment_status":"closed","ping_status":"closed","template":"","meta":{"footnotes":""},"class_list":["post-56","page","type-page","status-publish","hentry"],"_links":{"self":[{"href":"https:\/\/judoskpmost.cz\/index.php?rest_route=\/wp\/v2\/pages\/56","targetHints":{"allow":["GET"]}}],"collection":[{"href":"https:\/\/judoskpmost.cz\/index.php?rest_route=\/wp\/v2\/pages"}],"about":[{"href":"https:\/\/judoskpmost.cz\/index.php?rest_route=\/wp\/v2\/types\/page"}],"author":[{"embeddable":true,"href":"https:\/\/judoskpmost.cz\/index.php?rest_route=\/wp\/v2\/users\/1"}],"replies":[{"embeddable":true,"href":"https:\/\/judoskpmost.cz\/index.php?rest_route=%2Fwp%2Fv2%2Fcomments&post=56"}],"version-history":[{"count":8,"href":"https:\/\/judoskpmost.cz\/index.php?rest_route=\/wp\/v2\/pages\/56\/revisions"}],"predecessor-version":[{"id":815,"href":"https:\/\/judoskpmost.cz\/index.php?rest_route=\/wp\/v2\/pages\/56\/revisions\/815"}],"wp:attachment":[{"href":"https:\/\/judoskpmost.cz\/index.php?rest_route=%2Fwp%2Fv2%2Fmedia&parent=56"}],"curies":[{"name":"wp","href":"https:\/\/api.w.org\/{rel}","templated":true}]}}