{"id":55,"date":"2017-04-19T19:53:00","date_gmt":"2017-04-19T19:53:00","guid":{"rendered":"http:\/\/judoskpmost.cz\/?page_id=55"},"modified":"2019-09-18T10:39:27","modified_gmt":"2019-09-18T10:39:27","slug":"dokumenty","status":"publish","type":"page","link":"https:\/\/judoskpmost.cz\/?page_id=55","title":{"rendered":"DOKUMENTY"},"content":{"rendered":"<p>Zde naleznete odkazy na nejd\u016fle\u017eit\u011bj\u0161\u00ed dokumenty, p\u0159edev\u0161\u00edm na zdravotn\u00ed sm\u011brnici \u010cesk\u00e9ho svazu judo, p\u0159ihl\u00e1\u0161ku do odd\u00edlu a formul\u00e1\u0159 GDPR. Pro nov\u011b p\u0159\u00edchoz\u00ed do odd\u00edlu pros\u00edme o sta\u017een\u00ed a vypln\u011bn\u00ed p\u0159ihl\u00e1\u0161ky + GDPR a n\u00e1sledn\u00e9 odevzd\u00e1n\u00ed na tr\u00e9ninku.<\/p>\n<p>ODKAZY:<\/p>\n<p><a href=\"https:\/\/judoskpmost.cz\/wp-content\/uploads\/2017\/04\/prihl_V2.doc\">P\u0159ihl\u00e1\u0161ka<\/a><\/p>\n<p><a href=\"https:\/\/judoskpmost.cz\/wp-content\/uploads\/2019\/01\/GDPR.docx\">GDPR formul\u00e1\u0159<\/a><\/p>\n<p><a href=\"https:\/\/judoskpmost.cz\/wp-content\/uploads\/2017\/04\/Sm%C4%9Brnice-%C4%8CSJu-o-zdravotn%C3%AD-zp%C5%AFsobilosti-aktivn%C3%ADch-%C4%8Dlen%C5%AF-%C4%8CSJu.pdf\">Zdravotn\u00ed sm\u011brnice<\/a><\/p>\n<p><a href=\"https:\/\/judoskpmost.cz\/?page_id=99\">Zku\u0161ebn\u00ed \u0159\u00e1d<\/a><\/p>\n<p>&nbsp;<\/p>\n","protected":false},"excerpt":{"rendered":"<p>Zde naleznete odkazy na nejd\u016fle\u017eit\u011bj\u0161\u00ed dokumenty, p\u0159edev\u0161\u00edm na zdravotn\u00ed sm\u011brnici \u010cesk\u00e9ho svazu judo, p\u0159ihl\u00e1\u0161ku do odd\u00edlu a formul\u00e1\u0159 GDPR. Pro nov\u011b p\u0159\u00edchoz\u00ed do odd\u00edlu pros\u00edme o sta\u017een\u00ed a vypln\u011bn\u00ed p\u0159ihl\u00e1\u0161ky + GDPR a n\u00e1sledn\u00e9 odevzd\u00e1n\u00ed na tr\u00e9ninku. ODKAZY: P\u0159ihl\u00e1\u0161ka GDPR formul\u00e1\u0159 Zdravotn\u00ed sm\u011brnice Zku\u0161ebn\u00ed \u0159\u00e1d &nbsp;<\/p>\n","protected":false},"author":1,"featured_media":0,"parent":0,"menu_order":0,"comment_status":"closed","ping_status":"closed","template":"","meta":{"footnotes":""},"class_list":["post-55","page","type-page","status-publish","hentry"],"_links":{"self":[{"href":"https:\/\/judoskpmost.cz\/index.php?rest_route=\/wp\/v2\/pages\/55","targetHints":{"allow":["GET"]}}],"collection":[{"href":"https:\/\/judoskpmost.cz\/index.php?rest_route=\/wp\/v2\/pages"}],"about":[{"href":"https:\/\/judoskpmost.cz\/index.php?rest_route=\/wp\/v2\/types\/page"}],"author":[{"embeddable":true,"href":"https:\/\/judoskpmost.cz\/index.php?rest_route=\/wp\/v2\/users\/1"}],"replies":[{"embeddable":true,"href":"https:\/\/judoskpmost.cz\/index.php?rest_route=%2Fwp%2Fv2%2Fcomments&post=55"}],"version-history":[{"count":4,"href":"https:\/\/judoskpmost.cz\/index.php?rest_route=\/wp\/v2\/pages\/55\/revisions"}],"predecessor-version":[{"id":589,"href":"https:\/\/judoskpmost.cz\/index.php?rest_route=\/wp\/v2\/pages\/55\/revisions\/589"}],"wp:attachment":[{"href":"https:\/\/judoskpmost.cz\/index.php?rest_route=%2Fwp%2Fv2%2Fmedia&parent=55"}],"curies":[{"name":"wp","href":"https:\/\/api.w.org\/{rel}","templated":true}]}}