{"id":49,"date":"2017-04-19T19:49:14","date_gmt":"2017-04-19T19:49:14","guid":{"rendered":"http:\/\/judoskpmost.cz\/?page_id=49"},"modified":"2025-05-06T16:26:39","modified_gmt":"2025-05-06T16:26:39","slug":"treneri","status":"publish","type":"page","link":"https:\/\/judoskpmost.cz\/?page_id=49","title":{"rendered":"TREN\u00c9\u0158I"},"content":{"rendered":"<div class=\"wp-block-image\">\n<figure class=\"aligncenter size-large is-resized\"><a href=\"https:\/\/judoskpmost.cz\/wp-content\/uploads\/2022\/11\/IMG_5273-scaled.jpg\"><img loading=\"lazy\" decoding=\"async\" src=\"https:\/\/judoskpmost.cz\/wp-content\/uploads\/2022\/11\/IMG_5273-683x1024.jpg\" alt=\"\" class=\"wp-image-775\" width=\"302\" height=\"453\" srcset=\"https:\/\/judoskpmost.cz\/wp-content\/uploads\/2022\/11\/IMG_5273-683x1024.jpg 683w, https:\/\/judoskpmost.cz\/wp-content\/uploads\/2022\/11\/IMG_5273-200x300.jpg 200w, https:\/\/judoskpmost.cz\/wp-content\/uploads\/2022\/11\/IMG_5273-768x1152.jpg 768w, https:\/\/judoskpmost.cz\/wp-content\/uploads\/2022\/11\/IMG_5273-1024x1536.jpg 1024w, https:\/\/judoskpmost.cz\/wp-content\/uploads\/2022\/11\/IMG_5273-1365x2048.jpg 1365w, https:\/\/judoskpmost.cz\/wp-content\/uploads\/2022\/11\/IMG_5273-180x270.jpg 180w, https:\/\/judoskpmost.cz\/wp-content\/uploads\/2022\/11\/IMG_5273-scaled.jpg 1707w\" sizes=\"auto, (max-width: 302px) 100vw, 302px\" \/><\/a><\/figure><\/div>\n\n\n<p class=\"has-text-align-center\"><strong>Milan Robovsk\u00fd<br><\/strong>tren\u00e9r, rozhod\u010d\u00ed a vedouc\u00ed odd\u00edlu<br>Jsem policista u P\u010cR v Most\u011b.<br>M\u00e1m r\u00e1d technick\u00e9 judo.<br>V\u011bnuji se p\u0159ev\u00e1\u017en\u011b tr\u00e9ninku star\u0161\u00ed skupiny.<\/p>\n\n\n\n<p class=\"has-text-align-center\"><\/p>\n\n\n\n<p><\/p>\n\n\n<div class=\"wp-block-image\">\n<figure class=\"aligncenter size-large is-resized\"><a href=\"https:\/\/judoskpmost.cz\/wp-content\/uploads\/2022\/10\/IMG_4444-scaled.jpg\"><img loading=\"lazy\" decoding=\"async\" src=\"https:\/\/judoskpmost.cz\/wp-content\/uploads\/2022\/10\/IMG_4444-683x1024.jpg\" alt=\"\" class=\"wp-image-747\" width=\"299\" height=\"448\" srcset=\"https:\/\/judoskpmost.cz\/wp-content\/uploads\/2022\/10\/IMG_4444-683x1024.jpg 683w, https:\/\/judoskpmost.cz\/wp-content\/uploads\/2022\/10\/IMG_4444-200x300.jpg 200w, https:\/\/judoskpmost.cz\/wp-content\/uploads\/2022\/10\/IMG_4444-768x1152.jpg 768w, https:\/\/judoskpmost.cz\/wp-content\/uploads\/2022\/10\/IMG_4444-1024x1536.jpg 1024w, https:\/\/judoskpmost.cz\/wp-content\/uploads\/2022\/10\/IMG_4444-1365x2048.jpg 1365w, https:\/\/judoskpmost.cz\/wp-content\/uploads\/2022\/10\/IMG_4444-180x270.jpg 180w, https:\/\/judoskpmost.cz\/wp-content\/uploads\/2022\/10\/IMG_4444-scaled.jpg 1707w\" sizes=\"auto, (max-width: 299px) 100vw, 299px\" \/><\/a><\/figure><\/div>\n\n\n<p class=\"has-text-align-center\"><strong>Pavel Dobrovsk\u00fd<\/strong><br>tren\u00e9r<br>Pracuji jako projektov\u00fd specialista v IT.<br>Vedle juda m\u00e1m r\u00e1d kutilstv\u00ed a montanistiku.<br>Na judu m\u011b bav\u00ed aplikace technik v sebeobran\u011b.<br>V\u011bnuji se tr\u00e9nov\u00e1n\u00ed mlad\u0161\u00ed skupiny.<\/p>\n\n\n\n<p><\/p>\n\n\n\n<p><\/p>\n\n\n<div class=\"wp-block-image\">\n<figure class=\"aligncenter size-large is-resized\"><a href=\"https:\/\/judoskpmost.cz\/wp-content\/uploads\/2022\/12\/IMG_6989-scaled.jpg\"><img loading=\"lazy\" decoding=\"async\" src=\"https:\/\/judoskpmost.cz\/wp-content\/uploads\/2022\/12\/IMG_6989-683x1024.jpg\" alt=\"\" class=\"wp-image-787\" width=\"293\" height=\"440\" srcset=\"https:\/\/judoskpmost.cz\/wp-content\/uploads\/2022\/12\/IMG_6989-683x1024.jpg 683w, https:\/\/judoskpmost.cz\/wp-content\/uploads\/2022\/12\/IMG_6989-200x300.jpg 200w, https:\/\/judoskpmost.cz\/wp-content\/uploads\/2022\/12\/IMG_6989-768x1152.jpg 768w, https:\/\/judoskpmost.cz\/wp-content\/uploads\/2022\/12\/IMG_6989-1024x1536.jpg 1024w, https:\/\/judoskpmost.cz\/wp-content\/uploads\/2022\/12\/IMG_6989-1365x2048.jpg 1365w, https:\/\/judoskpmost.cz\/wp-content\/uploads\/2022\/12\/IMG_6989-180x270.jpg 180w, https:\/\/judoskpmost.cz\/wp-content\/uploads\/2022\/12\/IMG_6989-scaled.jpg 1707w\" sizes=\"auto, (max-width: 293px) 100vw, 293px\" \/><\/a><\/figure><\/div>\n\n\n<p class=\"has-text-align-center\"><strong>Ji\u0159\u00ed Lejsek<\/strong><br>tren\u00e9r a rozhod\u010d\u00ed<br>Tr\u00e9nuji ob\u011b skupiny.<br>R\u00e1d p\u0159ed\u00e1v\u00e1m sv\u00e9 zku\u0161enosti ze z\u00e1vod\u016f.<\/p>\n\n\n\n<p><\/p>\n\n\n<div class=\"wp-block-image\">\n<figure class=\"aligncenter size-large is-resized\"><a href=\"https:\/\/judoskpmost.cz\/wp-content\/uploads\/2022\/10\/IMG_4389-2-scaled.jpg\"><img loading=\"lazy\" decoding=\"async\" src=\"https:\/\/judoskpmost.cz\/wp-content\/uploads\/2022\/10\/IMG_4389-2-768x1024.jpg\" alt=\"\" class=\"wp-image-738\" width=\"347\" height=\"462\" srcset=\"https:\/\/judoskpmost.cz\/wp-content\/uploads\/2022\/10\/IMG_4389-2-768x1024.jpg 768w, https:\/\/judoskpmost.cz\/wp-content\/uploads\/2022\/10\/IMG_4389-2-225x300.jpg 225w, https:\/\/judoskpmost.cz\/wp-content\/uploads\/2022\/10\/IMG_4389-2-1152x1536.jpg 1152w, https:\/\/judoskpmost.cz\/wp-content\/uploads\/2022\/10\/IMG_4389-2-1536x2048.jpg 1536w, https:\/\/judoskpmost.cz\/wp-content\/uploads\/2022\/10\/IMG_4389-2-202x270.jpg 202w, https:\/\/judoskpmost.cz\/wp-content\/uploads\/2022\/10\/IMG_4389-2-scaled.jpg 1920w\" sizes=\"auto, (max-width: 347px) 100vw, 347px\" \/><\/a><\/figure><\/div>\n\n\n<p class=\"has-text-align-center\"><strong>Aneta Salajkov\u00e1<\/strong><br>tren\u00e9r<br>Jsem studentka na st\u0159edn\u00ed \u0161kole.<br>R\u00e1da se nech\u00e1v\u00e1m un\u00e1\u0161et \u010dten\u00edm kn\u00ed\u017eek.<br>V\u011bnuji se tr\u00e9nov\u00e1n\u00ed nejmen\u0161\u00ed skupiny.<\/p>\n\n\n<div class=\"wp-block-image\">\n<figure class=\"aligncenter size-large is-resized\"><a href=\"https:\/\/judoskpmost.cz\/wp-content\/uploads\/2022\/10\/IMG_4413-2-scaled.jpg\"><img loading=\"lazy\" decoding=\"async\" src=\"https:\/\/judoskpmost.cz\/wp-content\/uploads\/2022\/10\/IMG_4413-2-768x1024.jpg\" alt=\"\" class=\"wp-image-740\" width=\"347\" height=\"463\" srcset=\"https:\/\/judoskpmost.cz\/wp-content\/uploads\/2022\/10\/IMG_4413-2-768x1024.jpg 768w, https:\/\/judoskpmost.cz\/wp-content\/uploads\/2022\/10\/IMG_4413-2-225x300.jpg 225w, https:\/\/judoskpmost.cz\/wp-content\/uploads\/2022\/10\/IMG_4413-2-1152x1536.jpg 1152w, https:\/\/judoskpmost.cz\/wp-content\/uploads\/2022\/10\/IMG_4413-2-1536x2048.jpg 1536w, https:\/\/judoskpmost.cz\/wp-content\/uploads\/2022\/10\/IMG_4413-2-202x270.jpg 202w, https:\/\/judoskpmost.cz\/wp-content\/uploads\/2022\/10\/IMG_4413-2-scaled.jpg 1920w\" sizes=\"auto, (max-width: 347px) 100vw, 347px\" \/><\/a><\/figure><\/div>\n\n\n<p class=\"has-text-align-center\"><strong>Luk\u00e1\u0161 Kom\u00ednek<\/strong><br>tren\u00e9r<br>Pracuji jako u\u010ditel na Z\u0160, kde vyu\u010duji matematiku a fyziku.<br>Potk\u00e1\u0161 m\u011b tak\u00e9 v M\u011bstsk\u00e9m divadle v Most\u011b, kde jsem \u010dlenem company.<br>Miluji svou pr\u00e1ci, divadlo, hudbu a spole\u010densk\u00e9 tance.<br>Aktu\u00e1ln\u011b se tr\u00e9nink\u016fm juda nev\u011bnuji z \u010dasov\u00fdch d\u016fvod\u016f.<\/p>\n","protected":false},"excerpt":{"rendered":"<p>Milan Robovsk\u00fdtren\u00e9r, rozhod\u010d\u00ed a vedouc\u00ed odd\u00edluJsem policista u P\u010cR v Most\u011b.M\u00e1m r\u00e1d technick\u00e9 judo.V\u011bnuji se p\u0159ev\u00e1\u017en\u011b tr\u00e9ninku star\u0161\u00ed skupiny. Pavel Dobrovsk\u00fdtren\u00e9rPracuji jako projektov\u00fd specialista v IT.Vedle juda m\u00e1m r\u00e1d kutilstv\u00ed a montanistiku.Na judu m\u011b bav\u00ed aplikace technik v sebeobran\u011b.V\u011bnuji se tr\u00e9nov\u00e1n\u00ed mlad\u0161\u00ed skupiny. Ji\u0159\u00ed Lejsektren\u00e9r a rozhod\u010d\u00edTr\u00e9nuji ob\u011b skupiny.R\u00e1d p\u0159ed\u00e1v\u00e1m sv\u00e9 zku\u0161enosti ze z\u00e1vod\u016f. Aneta &hellip; <\/p>\n<p class=\"read-more\"><a class=\"btn btn-default\" href=\"https:\/\/judoskpmost.cz\/?page_id=49\"> Read More<span class=\"screen-reader-text\">  Read More<\/span><\/a><\/p>\n","protected":false},"author":1,"featured_media":0,"parent":0,"menu_order":0,"comment_status":"closed","ping_status":"closed","template":"","meta":{"footnotes":""},"class_list":["post-49","page","type-page","status-publish","hentry"],"_links":{"self":[{"href":"https:\/\/judoskpmost.cz\/index.php?rest_route=\/wp\/v2\/pages\/49","targetHints":{"allow":["GET"]}}],"collection":[{"href":"https:\/\/judoskpmost.cz\/index.php?rest_route=\/wp\/v2\/pages"}],"about":[{"href":"https:\/\/judoskpmost.cz\/index.php?rest_route=\/wp\/v2\/types\/page"}],"author":[{"embeddable":true,"href":"https:\/\/judoskpmost.cz\/index.php?rest_route=\/wp\/v2\/users\/1"}],"replies":[{"embeddable":true,"href":"https:\/\/judoskpmost.cz\/index.php?rest_route=%2Fwp%2Fv2%2Fcomments&post=49"}],"version-history":[{"count":24,"href":"https:\/\/judoskpmost.cz\/index.php?rest_route=\/wp\/v2\/pages\/49\/revisions"}],"predecessor-version":[{"id":802,"href":"https:\/\/judoskpmost.cz\/index.php?rest_route=\/wp\/v2\/pages\/49\/revisions\/802"}],"wp:attachment":[{"href":"https:\/\/judoskpmost.cz\/index.php?rest_route=%2Fwp%2Fv2%2Fmedia&parent=49"}],"curies":[{"name":"wp","href":"https:\/\/api.w.org\/{rel}","templated":true}]}}