{"id":355,"date":"2018-01-14T18:55:53","date_gmt":"2018-01-14T18:55:53","guid":{"rendered":"http:\/\/judoskpmost.cz\/?page_id=355"},"modified":"2018-01-14T19:13:32","modified_gmt":"2018-01-14T19:13:32","slug":"2017-2","status":"publish","type":"page","link":"https:\/\/judoskpmost.cz\/?page_id=355","title":{"rendered":"2017"},"content":{"rendered":"<p><span style=\"color: #ff0000;\"><strong>28. 1. 2017 Velk\u00e1 cena\u00a0Litom\u011b\u0159ic<\/strong><\/span><\/p>\n<p>Zlato: Ji\u0159\u00ed Lejsek (U15)<\/p>\n<p>St\u0159\u00edbro: Aneta Salajkov\u00e1 (U15) a Ane\u017eka Lipt\u00e1kov\u00e1 (U13)<\/p>\n<p>&nbsp;<\/p>\n<p><span style=\"color: #ff0000;\"><strong>4. 2. 2017 Zimn\u00ed turnaj ml\u00e1de\u017ee Teplice<\/strong><\/span><\/p>\n<p>Zlato: Kate\u0159ina Vlkov\u00e1 (U11)<\/p>\n<p>St\u0159\u00edbro: Anton\u00edn Vitvar (U9)<\/p>\n<p>&nbsp;<\/p>\n<p><span style=\"color: #ff0000;\"><strong>18. 2. 2017 Memoir\u00e1l Anton\u00edna Tich\u00e9ho v Bene\u0161ov\u011b<\/strong><\/span><\/p>\n<p>Zlato: Anton\u00edn Vitvar (U9), Kate\u0159ina Vlkov\u00e1 (U11) a Ji\u0159\u00ed Lejsek (U15)<\/p>\n<p>St\u0159\u00edbro: Mat\u011bj V\u00fdborn\u00fd (U15)<\/p>\n<p>&nbsp;<\/p>\n<p><span style=\"color: #ff0000;\"><strong>18. &#8211; 19. 3. 2017\u00a0Velk\u00e1 Cena m\u011bsta \u00dast\u00ed nad Labem<\/strong><\/span><\/p>\n<p>Zlato: Anton\u00edn Vitvar (U9) a Ji\u0159\u00ed Lejsek (U15)<\/p>\n<p>St\u0159\u00edbro: \u0160\u00e1rka<span class=\"text_exposed_show\">\u00a0Pletichov\u00e1 (U11 let) Ane\u017eka Lipt\u00e1kov\u00e1 (U13) a Mat\u011bj V\u00fdborn\u00fd (U15)<\/span><\/p>\n<p>&nbsp;<\/p>\n<p><span style=\"color: #ff0000;\"><strong>25. 3. 2017 \u010cesk\u00e1 poh\u00e1r v Jablonci nad Nisou<\/strong><\/span><\/p>\n<p>2.kolo kvalifikace na mistrovstv\u00ed \u010cR<\/p>\n<p>Bronz: Ji\u0159\u00ed Lejsek (U15)<\/p>\n<p>&nbsp;<\/p>\n<p><span style=\"color: #ff0000;\"><strong>1. 4. 2017 Velikono\u010dn\u00ed turnaj Teplice<\/strong><\/span><\/p>\n<p>Zlato: Anton\u00edn Vitvar (U9) a Kate\u0159ina Vlkov\u00e1 (U11)<\/p>\n<p>St\u0159\u00edbro: \u0160\u00e1rka Pletichov\u00e1 (U11)<\/p>\n<p>&nbsp;<\/p>\n<p><span style=\"color: #ff0000;\"><strong>8. 4. 2017 Luna Cup Louny<\/strong><\/span><\/p>\n<p>Zlato: Anton\u00edn Vitvar (U9)<\/p>\n<p>St\u0159\u00edbro: Kate\u0159ina Vlkov\u00e1 (U11), Ond\u0159ej Zik\u00e1n (U13), Denis John (U13)<\/p>\n<p>Bronz: Karel Bedn\u00e1\u0159 (U13)<\/p>\n<p>&nbsp;<\/p>\n<p><span style=\"color: #ff0000;\"><strong>22. 4. 2017 Velk\u00e1 cena Nepomuku<\/strong><\/span><\/p>\n<p>Zlato: Anton\u00edn Vitvar (U9), Ji\u0159\u00ed Lejsek (U15), Tom\u00e1\u0161 Pro\u0161ek (U18)<\/p>\n<p>St\u0159\u00edbro: \u0160\u00e1rka Pletichov\u00e1 (U11), Adam Vr\u00e1bel (U15), Karel Grimm (U18), Tom\u00e1\u0161 Wagner (U18)<\/p>\n<p>Bronz: Karel Bedn\u00e1\u0159 (U13)<\/p>\n<p>&nbsp;<\/p>\n<p>&nbsp;<\/p>\n<p><span style=\"color: #ff0000;\"><strong>13. 5. 2017 Memori\u00e1l Helmuta Tauda v Chomutov\u011b<\/strong><\/span><\/p>\n<p>Zlato: Anton\u00edn Vitvar (U9), \u0160\u00e1rka Pletichov\u00e1 (U11), Kate\u0159ina Vlkov\u00e1 (U11)<\/p>\n<p>&nbsp;<\/p>\n<p><span style=\"color: #ff0000;\"><strong>20. 5. 2017 Jesenick\u00fd poh\u00e1r<\/strong><\/span><\/p>\n<p>Bronz: \u0160\u00e1rka Pletichov\u00e1 (U11)<\/p>\n<p>&nbsp;<\/p>\n<p>&nbsp;<\/p>\n<p><span style=\"color: #ff0000;\"><strong>27. 5. 2017 Putovn\u00ed poh\u00e1r Most<\/strong><\/span><\/p>\n<p>Zlato: Anton\u00edn Vitvar (U9), Kate\u0159ina Vlkov\u00e1 (U11)<\/p>\n<p>Bronz: Eli\u0161ka Fyc\u00fdkov\u00e1 (U9)<\/p>\n<p>&nbsp;<\/p>\n<p><span style=\"color: #ff0000;\"><strong>10.6.2017 \u010cesk\u00fd poh\u00e1r Chomutov<\/strong><\/span><\/p>\n<p>Zlato: Ji\u0159\u00ed Lejsek (U15)<\/p>\n<p>Bronz: Ji\u0159\u00ed Drexler (U18)<\/p>\n<p>&nbsp;<\/p>\n<p><span style=\"color: #ff0000;\"><strong>17.9.2017 \u010cesk\u00fd poh\u00e1r\u00a0Brno<\/strong><\/span><\/p>\n<p>Ji\u0159\u00ed Lejsek (U15) &#8211; p\u00e1t\u00e9 m\u00edsto<\/p>\n<p>&nbsp;<\/p>\n<p><span style=\"color: #ff0000;\"><strong>23.9.2017\u00a0Krajsk\u00fd poh\u00e1r mlad\u0161\u00edho \u017eactva Litom\u011b\u0159ice<\/strong><\/span><\/p>\n<p>Bronz: Ane\u017eka Lipt\u00e1kov\u00e1 (U13)<\/p>\n<p>&nbsp;<\/p>\n<p><span style=\"color: #ff0000;\"><strong>30.9.2017\u00a0Putovn\u00ed poh\u00e1r Stadionu Teplice<\/strong><\/span><\/p>\n<p>Zlato: Anton\u00edn Vitvar (U9)<\/p>\n<p>&nbsp;<\/p>\n<p><span style=\"color: #ff0000;\"><strong>7. &#8211; 8.10.2017 \u010cesk\u00fd poh\u00e1r Teplice<\/strong><\/span><\/p>\n<p>Ji\u0159\u00ed Lejsek (U15) &#8211; p\u00e1t\u00e9 m\u00edsto<\/p>\n<p>&nbsp;<\/p>\n<p><span style=\"color: #ff0000;\"><strong>14.10.2017\u00a0Krajsk\u00fd\u00a0poh\u00e1r mlad\u0161\u00edho \u017eactva Teplice<\/strong><\/span><\/p>\n<p>Bronz: Karel Bedn\u00e1\u0159\u00a0(U13)<\/p>\n<p>&nbsp;<\/p>\n<p><span style=\"color: #ff0000;\"><strong>21.10.2017 P\u0159ebor \u010cesk\u00e9 republiky star\u0161\u00edho \u017eactva v Ji\u010d\u00edn\u011b<\/strong><\/span><\/p>\n<p>Ji\u0159\u00ed Lejsek &#8211; 5.m\u00edsto<\/p>\n<p>&nbsp;<\/p>\n<p><span style=\"color: #ff0000;\"><strong>21.10.2017 Rumburk &#8211; Poh\u00e1r Severu<\/strong><\/span><\/p>\n<p>Zlato: Kate\u0159ina Vlkov\u00e1 (U11)<\/p>\n<p>St\u0159\u00edbro: \u0160\u00e1rka Pletichov\u00e1 (U11), Ane\u017eka Lipt\u00e1kov\u00e1 (U13)<\/p>\n<p>Bronz: Karel Bedn\u00e1\u0159 (U13)<\/p>\n<p>&nbsp;<\/p>\n<p><span style=\"color: #ff0000;\"><strong>28.10.2017\u00a0Talent Cup Nov\u00fd Bor<\/strong><\/span><\/p>\n<p>Zlato: Tonda Vitvar (U9), Kate\u0159ina Vlkov\u00e1 (U11), \u0160\u00e1rka Pletichov\u00e1 (U11), Jirka Lejsek (U15)<\/p>\n<p>St\u0159\u00edbro:\u00a0Kuba Kom\u00ednek (U13), K\u00e1ja Bedn\u00e1\u0159 (U13)<\/p>\n<p>Bronz: Luk\u00e1\u0161 Kouba (U9), , Ane\u017eka Lipt\u00e1kov\u00e1 (U13), Adam Vr\u00e1bel (U15)<\/p>\n<p>&nbsp;<\/p>\n<p><span style=\"color: #ff0000;\"><strong>4.11.2017\u00a0Luna Cup\u00a0Louny<\/strong><\/span><\/p>\n<p>St\u0159\u00edbro:\u00a0Tonda Vitvar (U9)<\/p>\n<p>Bronz:\u00a0Ka\u010dka Vlkov\u00e1 (U11), K\u00e1ja Bedn\u00e1\u0159 (U13)<\/p>\n<p>&nbsp;<\/p>\n<p><span style=\"color: #ff0000;\"><strong>11.11.2017 P\u0159ebor \u010cesk\u00e9 republiky mlad\u0161\u00edho \u017eactva Mlad\u00e1 Boleslav<\/strong><\/span><\/p>\n<p>Ane\u017eka Lipt\u00e1kov\u00e1 &#8211; bez um\u00edst\u011bn\u00ed<\/p>\n<p>&nbsp;<\/p>\n<p><span style=\"color: #ff0000;\"><strong>18. a 19.11.2017 Challenge Cup Kamenz (SRN)<\/strong><\/span><\/p>\n<p>Zlato: Anton\u00edn Vitvar (U9), Karel Bedn\u00e1\u0159 (U12) a Ji\u0159\u00ed Lejsek (U15)<\/p>\n<p>St\u0159\u00edbro: \u0160\u00e1rka Pletichov\u00e1 (U12), Kate\u0159ina Vlkov\u00e1 (U12), Ond\u0159ej Boh\u00e1\u010d (U12)<\/p>\n<p>Bronz: Luk\u00e1\u0161 Kouba (U9), Jakub Hromada (U12), Jakub Bedn\u00e1\u0159 (U12), Kry\u0161tof Hrz\u00e1n (U12)<\/p>\n<p>&nbsp;<\/p>\n<p><span style=\"color: #ff0000;\"><strong>25.11.2017 D\u011b\u010d\u00ednsk\u00e1 Kotva<\/strong><\/span><\/p>\n<p>Zlato: Tonda Vitvar (U9), Ondra Boh\u00e1\u010d (U11)<\/p>\n<p>St\u0159\u00edbro: Ka\u010dka Vlkov\u00e1 (U11), Jon\u00e1\u0161 Vysko\u010dil (U9), Kry\u0161tof Hrz\u00e1n (U11)<\/p>\n<p>Bronz: \u0160\u00e1rka Pletichov\u00e1 (U11), Kuba Hromada (U11)<\/p>\n<p>&nbsp;<\/p>\n<p><strong><span style=\"color: #ff0000;\">2.12.2017\u00a0V\u00e1no\u010dn\u00ed turnaj Chomutov<\/span><\/strong><\/p>\n<p>Zlato: Tonda Vitvar (U9), Jon\u00e1\u0161 Vysko\u010dil (U9), Kuba Hromada (U11), \u0160\u00e1rka Pletichov\u00e1 (U11)<\/p>\n<p>St\u0159\u00edbro: Ondra Boh\u00e1\u010d (U11), Kry\u0161tof Hrz\u00e1n (U11), Kate\u0159ina Vlkov\u00e1 (U11)<\/p>\n<p>Bronz: Luk\u00e1\u0161 Kouba (U9), K\u00e1ja Bedn\u00e1\u0159 (U13)<\/p>\n<p>&nbsp;<\/p>\n<p>&nbsp;<\/p>\n<div class=\"\" data-block=\"true\" data-editor=\"8l0c\" data-offset-key=\"2vvj9-0-0\"><\/div>\n<p>&nbsp;<\/p>\n<p>&nbsp;<\/p>\n<p>&nbsp;<\/p>\n<p>&nbsp;<\/p>\n<p>&nbsp;<\/p>\n<p>&nbsp;<\/p>\n<p>&nbsp;<\/p>\n<p>&nbsp;<\/p>\n<p>&nbsp;<\/p>\n<p>&nbsp;<\/p>\n<p>&nbsp;<\/p>\n<p>&nbsp;<\/p>\n<p>&nbsp;<\/p>\n<p>&nbsp;<\/p>\n<p>&nbsp;<\/p>\n<p>&nbsp;<\/p>\n<p>&nbsp;<\/p>\n<p>&nbsp;<\/p>\n","protected":false},"excerpt":{"rendered":"<p>28. 1. 2017 Velk\u00e1 cena\u00a0Litom\u011b\u0159ic Zlato: Ji\u0159\u00ed Lejsek (U15) St\u0159\u00edbro: Aneta Salajkov\u00e1 (U15) a Ane\u017eka Lipt\u00e1kov\u00e1 (U13) &nbsp; 4. 2. 2017 Zimn\u00ed turnaj ml\u00e1de\u017ee Teplice Zlato: Kate\u0159ina Vlkov\u00e1 (U11) St\u0159\u00edbro: Anton\u00edn Vitvar (U9) &nbsp; 18. 2. 2017 Memoir\u00e1l Anton\u00edna Tich\u00e9ho v Bene\u0161ov\u011b Zlato: Anton\u00edn Vitvar (U9), Kate\u0159ina Vlkov\u00e1 (U11) a Ji\u0159\u00ed Lejsek (U15) St\u0159\u00edbro: Mat\u011bj &hellip; <\/p>\n<p class=\"read-more\"><a class=\"btn btn-default\" href=\"https:\/\/judoskpmost.cz\/?page_id=355\"> Read More<span class=\"screen-reader-text\">  Read More<\/span><\/a><\/p>\n","protected":false},"author":2,"featured_media":0,"parent":98,"menu_order":2,"comment_status":"closed","ping_status":"closed","template":"templates\/template-fullwidth.php","meta":{"footnotes":""},"class_list":["post-355","page","type-page","status-publish","hentry"],"_links":{"self":[{"href":"https:\/\/judoskpmost.cz\/index.php?rest_route=\/wp\/v2\/pages\/355","targetHints":{"allow":["GET"]}}],"collection":[{"href":"https:\/\/judoskpmost.cz\/index.php?rest_route=\/wp\/v2\/pages"}],"about":[{"href":"https:\/\/judoskpmost.cz\/index.php?rest_route=\/wp\/v2\/types\/page"}],"author":[{"embeddable":true,"href":"https:\/\/judoskpmost.cz\/index.php?rest_route=\/wp\/v2\/users\/2"}],"replies":[{"embeddable":true,"href":"https:\/\/judoskpmost.cz\/index.php?rest_route=%2Fwp%2Fv2%2Fcomments&post=355"}],"version-history":[{"count":4,"href":"https:\/\/judoskpmost.cz\/index.php?rest_route=\/wp\/v2\/pages\/355\/revisions"}],"predecessor-version":[{"id":361,"href":"https:\/\/judoskpmost.cz\/index.php?rest_route=\/wp\/v2\/pages\/355\/revisions\/361"}],"up":[{"embeddable":true,"href":"https:\/\/judoskpmost.cz\/index.php?rest_route=\/wp\/v2\/pages\/98"}],"wp:attachment":[{"href":"https:\/\/judoskpmost.cz\/index.php?rest_route=%2Fwp%2Fv2%2Fmedia&parent=355"}],"curies":[{"name":"wp","href":"https:\/\/api.w.org\/{rel}","templated":true}]}}